{"id":19,"date":"2024-03-22T18:51:19","date_gmt":"2024-03-22T17:51:19","guid":{"rendered":"https:\/\/campus.meidling.vhs.at\/php49\/wordpress\/?page_id=19"},"modified":"2026-02-04T17:50:14","modified_gmt":"2026-02-04T16:50:14","slug":"aktuelles","status":"publish","type":"page","link":"http:\/\/a-h-a.at\/index.php\/aktuelles\/","title":{"rendered":"Termine 2026"},"content":{"rendered":"<h3>Ortsgruppenpr\u00fcfungen 2026:<\/h3>\n<h5>15.03.2026<\/h5>\n<p>Richter: Werner Geist<\/p>\n<p>&nbsp;<\/p>\n<h5>15.05.2026<\/h5>\n<p>Richter: Karl R\u00f6ssler<\/p>\n<p>&nbsp;<\/p>\n<h5>27.09.2026<\/h5>\n<p>Richter: Werner Geist<\/p>\n<p>&nbsp;<\/p>\n<h5>01.11.2026<\/h5>\n<p>Richterin: Gerlinde \u00d6sterreicher<\/p>\n<p>&nbsp;<\/p>\n<p>Anmeldungen ausschlie\u00dflich unter: <a href=\"http:\/\/www.caniva.com\">www.caniva.com<\/a><\/p>\n<p>&nbsp;<\/p>\n<hr \/>\n<h3>Agility &#8211; Seminare 2026:<\/h3>\n<h5>30.05.2026 &#8211; Agility Seminar mit Lisa Frick (AT)<\/h5>\n<p>95 \u20ac pro Tag \/ Hund<\/p>\n<p>(2 Gruppen am Vormittag und 2 Gruppen am Nachmittag jeweils 2 Einheiten)<\/p>\n<p>&nbsp;<\/p>\n<h5>15.08.2026 &#8211; Agility Seminar mit Isabella Stefl (AT)<\/h5>\n<p>85 \u20ac pro Tag \/ Hund<\/p>\n<p>(2 Gruppen am Vormittag und 2 Gruppen am Nachmittag jeweils 2 Einheiten)<\/p>\n<p>&nbsp;<\/p>\n<p>Anmeldungen ausschlie\u00dflich per E-Mail: jenny.kasper06@gmail.com<\/p>\n<hr \/>\n<h3>Agility &#8211; Turniere 2026:<\/h3>\n<h5>06.04.2026 &#8211; Osterlauf<\/h5>\n<p>Richterin: Sonja Mladek<\/p>\n<p>&nbsp;<\/p>\n<h5>10.05.2026 &#8211; Muttertagsturnier<\/h5>\n<p>Richterin: Katharina Fried<\/p>\n<p>&nbsp;<\/p>\n<h5>31.05.2026 &#8211; Mailauf<\/h5>\n<p>Richterin: Lisa Frick<\/p>\n<p>&nbsp;<\/p>\n<h5>16.08.2026 &#8211; 5. Vienna Cup 2026<\/h5>\n<p>Richterin: Isabella Stefl<\/p>\n<p>&nbsp;<\/p>\n<h5>24.10.2026 &#8211; Hallowein Turnier<\/h5>\n<p>Richterin: Sonja Frick<\/p>\n<p>&nbsp;<\/p>\n<p>Anmeldungen ausschlie\u00dflich unter: <a href=\"https:\/\/www.dognow.at\">www.dognow.at<\/a><\/p>\n<hr \/>\n<h3>Rally Obedience &#8211; Turniere 2026:<\/h3>\n<h5>05.04.2026 &#8211; RO Osterturnier<\/h5>\n<p>Richterin: Gerlinde \u00d6sterreicher<\/p>\n<p>&nbsp;<\/p>\n<h5>17.07.2026 &#8211; RO Abendturnier<\/h5>\n<p>Richterin: Susanne Fiebiger<\/p>\n<p>&nbsp;<\/p>\n<h5>06.12.2026 &#8211; Weihnachtsturnier<\/h5>\n<p>Richterin: Lisa Biegler<\/p>\n<p>&nbsp;<\/p>\n<p>Anmeldungen ausschlie\u00dflich unter: <a href=\"https:\/\/www.dognow.at\">www.dognow.at<\/a><\/p>\n<hr \/>\n<h3>Hoopers &#8211; Turniere 2026:<\/h3>\n<h5>14.05.2026 &#8211; Hoopers Mailauf<\/h5>\n<p>Richterin: Gabi Posch<\/p>\n<p>&nbsp;<\/p>\n<h5>21.06.2026 &#8211; Hoopers Junilauf<\/h5>\n<p>Richter: Roman Ilsinger<\/p>\n<p>&nbsp;<\/p>\n<h5>20.09.2026 &#8211; Hoopers Septemberlauf<\/h5>\n<p>Richter: Roman Ilsinger<\/p>\n<p>&nbsp;<\/p>\n<p>Anmeldungen ausschlie\u00dflich unter: <a href=\"https:\/\/www.dognow.at\">www.dognow.at<\/a><\/p>\n","protected":false},"excerpt":{"rendered":"<p>Ortsgruppenpr\u00fcfungen 2026: 15.03.2026 Richter: Werner Geist &nbsp; 15.05.2026 Richter: Karl R\u00f6ssler &nbsp; 27.09.2026 Richter: Werner Geist &nbsp; 01.11.2026 Richterin: Gerlinde \u00d6sterreicher &nbsp; Anmeldungen ausschlie\u00dflich unter: www.caniva.com &nbsp; Agility &#8211; Seminare 2026: 30.05.2026 &#8211; Agility Seminar mit Lisa Frick (AT) 95 \u20ac pro Tag \/ Hund (2 Gruppen am Vormittag und 2 Gruppen am Nachmittag jeweils [&hellip;]<\/p>\n","protected":false},"author":1,"featured_media":0,"parent":0,"menu_order":1,"comment_status":"closed","ping_status":"closed","template":"","meta":{"pgc_sgb_lightbox_settings":"","footnotes":""},"class_list":["post-19","page","type-page","status-publish","hentry"],"_links":{"self":[{"href":"http:\/\/a-h-a.at\/index.php\/wp-json\/wp\/v2\/pages\/19","targetHints":{"allow":["GET"]}}],"collection":[{"href":"http:\/\/a-h-a.at\/index.php\/wp-json\/wp\/v2\/pages"}],"about":[{"href":"http:\/\/a-h-a.at\/index.php\/wp-json\/wp\/v2\/types\/page"}],"author":[{"embeddable":true,"href":"http:\/\/a-h-a.at\/index.php\/wp-json\/wp\/v2\/users\/1"}],"replies":[{"embeddable":true,"href":"http:\/\/a-h-a.at\/index.php\/wp-json\/wp\/v2\/comments?post=19"}],"version-history":[{"count":49,"href":"http:\/\/a-h-a.at\/index.php\/wp-json\/wp\/v2\/pages\/19\/revisions"}],"predecessor-version":[{"id":1043,"href":"http:\/\/a-h-a.at\/index.php\/wp-json\/wp\/v2\/pages\/19\/revisions\/1043"}],"wp:attachment":[{"href":"http:\/\/a-h-a.at\/index.php\/wp-json\/wp\/v2\/media?parent=19"}],"curies":[{"name":"wp","href":"https:\/\/api.w.org\/{rel}","templated":true}]}}