{"id":51,"date":"2024-03-22T19:02:18","date_gmt":"2024-03-22T18:02:18","guid":{"rendered":"https:\/\/campus.meidling.vhs.at\/php49\/wordpress\/?page_id=51"},"modified":"2024-06-12T22:26:41","modified_gmt":"2024-06-12T20:26:41","slug":"obedience","status":"publish","type":"page","link":"http:\/\/a-h-a.at\/index.php\/kurse\/obedience\/","title":{"rendered":"Obedience"},"content":{"rendered":"<h4>Obedience<\/h4>\n<p>Obedience wird auch als die &#8222;Hohe Schule&#8220; der Unterordnung bezeichnet. Bei dieser Sportart kommt es vor allem auf die schnelle, harmonische und exakte Ausf\u00fchrung der \u00dcbungen an. Ein gut harmonisierendes, freudig arbeitendes Hund-Mensch-Team ist Voraussetzung.<\/p>\n<p>Ob Sie und Ihr Hund Anf\u00e4nger oder Fortgeschrittene sind, ob Sie ihren Hund &#8222;nur&#8220; besch\u00e4ftigen wollen oder vorhaben, an nationalen oder internationalen Wettk\u00e4mpfen teilzunehmen &#8211; in diesem Kurs lernen Sie und Ihr Hund von Beginn an, alle \u00dcbungen korrekt auszuf\u00fchren.<\/p>\n<p>Obedience-Equipment wie Bringh\u00f6lzer, Kegel, Targets, etc. geh\u00f6ren zur Grundausstattung der Hundeschule und k\u00f6nnen bei Bedarf gerne ausgeliehen werden.<\/p>\n<p>&nbsp;<\/p>\n<h6>Kurszeiten:<\/h6>\n<p>Dienstag um 08:30 Uhr und 09:30 Uhr<\/p>\n<p>Donnerstag um 08:30 Uhr<\/p>\n<p>Samstag um 08:00 Uhr und 12:00 Uhr<\/p>\n<p>(nach Vereinbarung)<\/p>\n<p>&nbsp;<\/p>\n<h6>Kursleiterin:<\/h6>\n<p><a href=\"https:\/\/campus.meidling.vhs.at\/php49\/wordpress\/index.php\/ines-fuhrmann-schur\/\">Ines Fuhrmann-Schur<\/a><\/p>\n<p>&nbsp;<\/p>\n<style type=\"text\/css\">\n#foogallery-gallery-491 .fg-image { width: 150px; }\n#foogallery-gallery-491 { --fg-gutter: 10px; }<\/style>\n\t\t\t<div class=\"foogallery foogallery-container foogallery-default foogallery-lightbox-foogallery fg-center fg-default fg-ready fg-light fg-border-thin fg-shadow-outline fg-loading-default fg-loaded-fade-in fg-caption-hover fg-hover-fade fg-hover-zoom\" id=\"foogallery-gallery-491\" data-foogallery=\"{&quot;item&quot;:{&quot;showCaptionTitle&quot;:true,&quot;showCaptionDescription&quot;:true},&quot;lazy&quot;:true}\" data-foogallery-lightbox=\"{&quot;thumbs&quot;:&quot;bottom&quot;,&quot;thumbsCaptions&quot;:false,&quot;thumbsBestFit&quot;:false,&quot;thumbsSmall&quot;:false,&quot;thumbsCaptionsAlign&quot;:&quot;default&quot;,&quot;info&quot;:&quot;bottom&quot;,&quot;infoVisible&quot;:true,&quot;infoOverlay&quot;:true,&quot;infoAlign&quot;:&quot;default&quot;,&quot;transition&quot;:&quot;fade&quot;,&quot;hoverButtons&quot;:false,&quot;fitMedia&quot;:false,&quot;noScrollbars&quot;:true,&quot;preserveButtonSpace&quot;:true,&quot;buttons&quot;:{&quot;fullscreen&quot;:true,&quot;info&quot;:true,&quot;thumbs&quot;:false},&quot;video&quot;:{&quot;autoPlay&quot;:true}}\" style=\"--fg-title-line-clamp: 0; --fg-description-line-clamp: 0;\" >\n\t<div class=\"fg-item fg-type-image fg-idle\"><figure class=\"fg-item-inner\"><a href=\"http:\/\/a-h-a.at\/wp-content\/uploads\/2024\/06\/704bee21-deb8-41be-89df-75e809a1f830.jpg\" data-attachment-id=\"524\" data-type=\"image\" class=\"fg-thumb\"><span class=\"fg-image-wrap\"><img decoding=\"async\" width=\"150\" height=\"150\" class=\"skip-lazy fg-image\" data-src-fg=\"http:\/\/a-h-a.at\/wp-content\/uploads\/cache\/2024\/06\/704bee21-deb8-41be-89df-75e809a1f830\/1318032235.jpg\" src=\"data:image\/svg+xml,%3Csvg%20xmlns%3D%22http%3A%2F%2Fwww.w3.org%2F2000%2Fsvg%22%20width%3D%22150%22%20height%3D%22150%22%20viewBox%3D%220%200%20150%20150%22%3E%3C%2Fsvg%3E\" loading=\"eager\"><\/span><span class=\"fg-image-overlay\"><\/span><\/a><\/figure><div class=\"fg-loader\"><\/div><\/div><div class=\"fg-item fg-type-image fg-idle\"><figure class=\"fg-item-inner\"><a href=\"http:\/\/a-h-a.at\/wp-content\/uploads\/2024\/06\/eb75b241-ace3-4ab2-8dab-9a8f406af53e.jpg\" data-attachment-id=\"530\" data-type=\"image\" class=\"fg-thumb\"><span class=\"fg-image-wrap\"><img decoding=\"async\" width=\"150\" height=\"150\" class=\"skip-lazy fg-image\" data-src-fg=\"http:\/\/a-h-a.at\/wp-content\/uploads\/cache\/2024\/06\/eb75b241-ace3-4ab2-8dab-9a8f406af53e\/496553031.jpg\" src=\"data:image\/svg+xml,%3Csvg%20xmlns%3D%22http%3A%2F%2Fwww.w3.org%2F2000%2Fsvg%22%20width%3D%22150%22%20height%3D%22150%22%20viewBox%3D%220%200%20150%20150%22%3E%3C%2Fsvg%3E\" loading=\"eager\"><\/span><span class=\"fg-image-overlay\"><\/span><\/a><\/figure><div class=\"fg-loader\"><\/div><\/div><div class=\"fg-item fg-type-image fg-idle\"><figure class=\"fg-item-inner\"><a href=\"http:\/\/a-h-a.at\/wp-content\/uploads\/2024\/06\/35972e0f-f827-4cf0-808d-ed3889dd1b0b.jpg\" data-attachment-id=\"525\" data-type=\"image\" class=\"fg-thumb\"><span class=\"fg-image-wrap\"><img decoding=\"async\" width=\"150\" height=\"150\" class=\"skip-lazy fg-image\" data-src-fg=\"http:\/\/a-h-a.at\/wp-content\/uploads\/cache\/2024\/06\/35972e0f-f827-4cf0-808d-ed3889dd1b0b\/1784141012.jpg\" src=\"data:image\/svg+xml,%3Csvg%20xmlns%3D%22http%3A%2F%2Fwww.w3.org%2F2000%2Fsvg%22%20width%3D%22150%22%20height%3D%22150%22%20viewBox%3D%220%200%20150%20150%22%3E%3C%2Fsvg%3E\" loading=\"eager\"><\/span><span class=\"fg-image-overlay\"><\/span><\/a><\/figure><div class=\"fg-loader\"><\/div><\/div><div class=\"fg-item fg-type-image fg-idle\"><figure class=\"fg-item-inner\"><a href=\"http:\/\/a-h-a.at\/wp-content\/uploads\/2024\/06\/d5ac05ee-2de1-4e10-bd63-1387af1727a4.jpg\" data-attachment-id=\"531\" data-type=\"image\" class=\"fg-thumb\"><span class=\"fg-image-wrap\"><img decoding=\"async\" width=\"150\" height=\"150\" class=\"skip-lazy fg-image\" data-src-fg=\"http:\/\/a-h-a.at\/wp-content\/uploads\/cache\/2024\/06\/d5ac05ee-2de1-4e10-bd63-1387af1727a4\/889999383.jpg\" src=\"data:image\/svg+xml,%3Csvg%20xmlns%3D%22http%3A%2F%2Fwww.w3.org%2F2000%2Fsvg%22%20width%3D%22150%22%20height%3D%22150%22%20viewBox%3D%220%200%20150%20150%22%3E%3C%2Fsvg%3E\" loading=\"eager\"><\/span><span class=\"fg-image-overlay\"><\/span><\/a><\/figure><div class=\"fg-loader\"><\/div><\/div><div class=\"fg-item fg-type-image fg-idle\"><figure class=\"fg-item-inner\"><a href=\"http:\/\/a-h-a.at\/wp-content\/uploads\/2024\/06\/265d0839-b78e-4fae-ade4-795c7c38fa89.jpg\" data-attachment-id=\"522\" data-type=\"image\" class=\"fg-thumb\"><span class=\"fg-image-wrap\"><img decoding=\"async\" width=\"150\" height=\"150\" class=\"skip-lazy fg-image\" data-src-fg=\"http:\/\/a-h-a.at\/wp-content\/uploads\/cache\/2024\/06\/265d0839-b78e-4fae-ade4-795c7c38fa89\/2818573072.jpg\" src=\"data:image\/svg+xml,%3Csvg%20xmlns%3D%22http%3A%2F%2Fwww.w3.org%2F2000%2Fsvg%22%20width%3D%22150%22%20height%3D%22150%22%20viewBox%3D%220%200%20150%20150%22%3E%3C%2Fsvg%3E\" loading=\"eager\"><\/span><span class=\"fg-image-overlay\"><\/span><\/a><\/figure><div class=\"fg-loader\"><\/div><\/div><div class=\"fg-item fg-type-image fg-idle\"><figure class=\"fg-item-inner\"><a href=\"http:\/\/a-h-a.at\/wp-content\/uploads\/2024\/06\/b4e07d8b-94be-461f-85e4-02066b235f86.jpg\" data-attachment-id=\"528\" data-type=\"image\" class=\"fg-thumb\"><span class=\"fg-image-wrap\"><img decoding=\"async\" width=\"150\" height=\"150\" class=\"skip-lazy fg-image\" data-src-fg=\"http:\/\/a-h-a.at\/wp-content\/uploads\/cache\/2024\/06\/b4e07d8b-94be-461f-85e4-02066b235f86\/417071129.jpg\" src=\"data:image\/svg+xml,%3Csvg%20xmlns%3D%22http%3A%2F%2Fwww.w3.org%2F2000%2Fsvg%22%20width%3D%22150%22%20height%3D%22150%22%20viewBox%3D%220%200%20150%20150%22%3E%3C%2Fsvg%3E\" loading=\"eager\"><\/span><span class=\"fg-image-overlay\"><\/span><\/a><\/figure><div class=\"fg-loader\"><\/div><\/div><\/div>\n\n","protected":false},"excerpt":{"rendered":"<p>Obedience Obedience wird auch als die &#8222;Hohe Schule&#8220; der Unterordnung bezeichnet. Bei dieser Sportart kommt es vor allem auf die schnelle, harmonische und exakte Ausf\u00fchrung der \u00dcbungen an. Ein gut harmonisierendes, freudig arbeitendes Hund-Mensch-Team ist Voraussetzung. Ob Sie und Ihr Hund Anf\u00e4nger oder Fortgeschrittene sind, ob Sie ihren Hund &#8222;nur&#8220; besch\u00e4ftigen wollen oder vorhaben, an [&hellip;]<\/p>\n","protected":false},"author":1,"featured_media":0,"parent":25,"menu_order":4,"comment_status":"closed","ping_status":"closed","template":"","meta":{"pgc_sgb_lightbox_settings":"","footnotes":""},"class_list":["post-51","page","type-page","status-publish","hentry"],"_links":{"self":[{"href":"http:\/\/a-h-a.at\/index.php\/wp-json\/wp\/v2\/pages\/51","targetHints":{"allow":["GET"]}}],"collection":[{"href":"http:\/\/a-h-a.at\/index.php\/wp-json\/wp\/v2\/pages"}],"about":[{"href":"http:\/\/a-h-a.at\/index.php\/wp-json\/wp\/v2\/types\/page"}],"author":[{"embeddable":true,"href":"http:\/\/a-h-a.at\/index.php\/wp-json\/wp\/v2\/users\/1"}],"replies":[{"embeddable":true,"href":"http:\/\/a-h-a.at\/index.php\/wp-json\/wp\/v2\/comments?post=51"}],"version-history":[{"count":10,"href":"http:\/\/a-h-a.at\/index.php\/wp-json\/wp\/v2\/pages\/51\/revisions"}],"predecessor-version":[{"id":572,"href":"http:\/\/a-h-a.at\/index.php\/wp-json\/wp\/v2\/pages\/51\/revisions\/572"}],"up":[{"embeddable":true,"href":"http:\/\/a-h-a.at\/index.php\/wp-json\/wp\/v2\/pages\/25"}],"wp:attachment":[{"href":"http:\/\/a-h-a.at\/index.php\/wp-json\/wp\/v2\/media?parent=51"}],"curies":[{"name":"wp","href":"https:\/\/api.w.org\/{rel}","templated":true}]}}